{"id":79,"date":"2016-06-27T15:59:16","date_gmt":"2016-06-27T13:59:16","guid":{"rendered":"http:\/\/www.100plus.at\/?post_type=product&#038;p=79"},"modified":"2016-06-30T15:15:30","modified_gmt":"2016-06-30T13:15:30","slug":"6er-100-tannat-aoc","status":"publish","type":"product","link":"https:\/\/www.100plus.at\/?product=6er-100-tannat-aoc","title":{"rendered":"6er 100+ Tannat AOC"},"content":{"rendered":"","protected":false},"excerpt":{"rendered":"<p>100 % sortenreiner Tannat &#8211; reich an Procyanidinen. Der Wein aus der seltenen Tannattraube wird in dem s\u00fcdwestfranz\u00f6sischen D\u00e9patement Gers gewonnen, und nat\u00fcrlich gekeltert. 100plus &#8211; ewig genie\u00dfen&#8230;<\/p>\n","protected":false},"featured_media":76,"comment_status":"closed","ping_status":"closed","template":"","meta":{"_et_pb_use_builder":"","_et_pb_old_content":"","_et_gb_content_width":""},"product_brand":[],"product_cat":[21],"product_tag":[11,10,9],"class_list":{"0":"post-79","1":"product","2":"type-product","3":"status-publish","4":"has-post-thumbnail","6":"product_cat-unkategorisiert","7":"product_tag-11","8":"product_tag-bordeaux","9":"product_tag-domaine-de-grabieou","10":"product_shipping_class-6","12":"first","13":"instock","14":"taxable","15":"shipping-taxable","16":"purchasable","17":"product-type-simple"},"_links":{"self":[{"href":"https:\/\/www.100plus.at\/index.php?rest_route=\/wp\/v2\/product\/79","targetHints":{"allow":["GET"]}}],"collection":[{"href":"https:\/\/www.100plus.at\/index.php?rest_route=\/wp\/v2\/product"}],"about":[{"href":"https:\/\/www.100plus.at\/index.php?rest_route=\/wp\/v2\/types\/product"}],"replies":[{"embeddable":true,"href":"https:\/\/www.100plus.at\/index.php?rest_route=%2Fwp%2Fv2%2Fcomments&post=79"}],"wp:featuredmedia":[{"embeddable":true,"href":"https:\/\/www.100plus.at\/index.php?rest_route=\/wp\/v2\/media\/76"}],"wp:attachment":[{"href":"https:\/\/www.100plus.at\/index.php?rest_route=%2Fwp%2Fv2%2Fmedia&parent=79"}],"wp:term":[{"taxonomy":"product_brand","embeddable":true,"href":"https:\/\/www.100plus.at\/index.php?rest_route=%2Fwp%2Fv2%2Fproduct_brand&post=79"},{"taxonomy":"product_cat","embeddable":true,"href":"https:\/\/www.100plus.at\/index.php?rest_route=%2Fwp%2Fv2%2Fproduct_cat&post=79"},{"taxonomy":"product_tag","embeddable":true,"href":"https:\/\/www.100plus.at\/index.php?rest_route=%2Fwp%2Fv2%2Fproduct_tag&post=79"}],"curies":[{"name":"wp","href":"https:\/\/api.w.org\/{rel}","templated":true}]}}